{"id":1061,"date":"2017-06-07T06:13:23","date_gmt":"2017-06-07T06:13:23","guid":{"rendered":"http:\/\/apartmentoliver.com\/blog-komuves-teljes-szelessegben\/"},"modified":"2023-07-31T12:54:53","modified_gmt":"2023-07-31T12:54:53","slug":"blog-komuves-teljes-szelessegben","status":"publish","type":"page","link":"https:\/\/apartmentoliver.com\/hu\/blog-komuves-teljes-szelessegben\/","title":{"rendered":"Blog &#8211; K\u0151m\u0171ves teljes sz\u00e9less\u00e9gben"},"content":{"rendered":"\t\t<div data-elementor-type=\"wp-post\" data-elementor-id=\"1061\" class=\"elementor elementor-1061\">\n\t\t\t\t\t\t<section class=\"elementor-section elementor-top-section elementor-element elementor-element-3b0ff769 elementor-section-height-min-height elementor-section-boxed elementor-section-height-default elementor-section-items-middle\" data-id=\"3b0ff769\" data-element_type=\"section\" data-settings=\"{&quot;background_background&quot;:&quot;classic&quot;}\">\n\t\t\t\t\t\t\t<div class=\"elementor-background-overlay\"><\/div>\n\t\t\t\t\t\t\t<div class=\"elementor-container elementor-column-gap-default\">\n\t\t\t\t\t<div class=\"elementor-column elementor-col-100 elementor-top-column elementor-element elementor-element-283f163d\" data-id=\"283f163d\" data-element_type=\"column\">\n\t\t\t<div class=\"elementor-widget-wrap elementor-element-populated\">\n\t\t\t\t\t\t<div class=\"elementor-element elementor-element-6e7c0b11 elementor-widget elementor-widget-spacer\" data-id=\"6e7c0b11\" data-element_type=\"widget\" data-widget_type=\"spacer.default\">\n\t\t\t\t<div class=\"elementor-widget-container\">\n\t\t\t<style>\/*! elementor - v3.19.0 - 07-02-2024 *\/\n.elementor-column .elementor-spacer-inner{height:var(--spacer-size)}.e-con{--container-widget-width:100%}.e-con-inner>.elementor-widget-spacer,.e-con>.elementor-widget-spacer{width:var(--container-widget-width,var(--spacer-size));--align-self:var(--container-widget-align-self,initial);--flex-shrink:0}.e-con-inner>.elementor-widget-spacer>.elementor-widget-container,.e-con>.elementor-widget-spacer>.elementor-widget-container{height:100%;width:100%}.e-con-inner>.elementor-widget-spacer>.elementor-widget-container>.elementor-spacer,.e-con>.elementor-widget-spacer>.elementor-widget-container>.elementor-spacer{height:100%}.e-con-inner>.elementor-widget-spacer>.elementor-widget-container>.elementor-spacer>.elementor-spacer-inner,.e-con>.elementor-widget-spacer>.elementor-widget-container>.elementor-spacer>.elementor-spacer-inner{height:var(--container-widget-height,var(--spacer-size))}.e-con-inner>.elementor-widget-spacer.elementor-widget-empty,.e-con>.elementor-widget-spacer.elementor-widget-empty{position:relative;min-height:22px;min-width:22px}.e-con-inner>.elementor-widget-spacer.elementor-widget-empty .elementor-widget-empty-icon,.e-con>.elementor-widget-spacer.elementor-widget-empty .elementor-widget-empty-icon{position:absolute;top:0;bottom:0;left:0;right:0;margin:auto;padding:0;width:22px;height:22px}<\/style>\t\t<div class=\"elementor-spacer\">\n\t\t\t<div class=\"elementor-spacer-inner\"><\/div>\n\t\t<\/div>\n\t\t\t\t<\/div>\n\t\t\t\t<\/div>\n\t\t\t\t<div class=\"elementor-element elementor-element-6e0rano elementor-view-default elementor-position-top elementor-widget elementor-widget-themo-header\" data-id=\"6e0rano\" data-element_type=\"widget\" data-widget_type=\"themo-header.default\">\n\t\t\t\t<div class=\"elementor-widget-container\">\n\t\t\t\t\t<div class=\"th-header-wrap\">\n        <div class=\"elementor-icon-box-wrapper \">\n                            <div class=\"elementor-icon-box-content\">\n                    <h1 class=\"elementor-icon-box-title\">\n                        K\u0150M\u0170VES BLOG TELJES SZ\u00c9LESS\u00c9GBEN                    <\/h1>\n                                        <p class=\"elementor-icon-box-description\"><\/p>\n\n                                    <\/div>\n            <\/div>\n\n        <\/div>\n\n\t\t\t\t<\/div>\n\t\t\t\t<\/div>\n\t\t\t\t\t<\/div>\n\t\t<\/div>\n\t\t\t\t\t<\/div>\n\t\t<\/section>\n\t\t\t\t<section class=\"elementor-section elementor-top-section elementor-element elementor-element-vkt1dv8 elementor-section-full_width elementor-section-height-default elementor-section-height-default\" data-id=\"vkt1dv8\" data-element_type=\"section\">\n\t\t\t\t\t\t<div class=\"elementor-container elementor-column-gap-wider\">\n\t\t\t\t\t<div class=\"elementor-column elementor-col-100 elementor-top-column elementor-element elementor-element-xo5h9bj\" data-id=\"xo5h9bj\" data-element_type=\"column\">\n\t\t\t<div class=\"elementor-widget-wrap elementor-element-populated\">\n\t\t\t\t\t\t<div class=\"elementor-element elementor-element-h6bnfn5 elementor-widget elementor-widget-spacer\" data-id=\"h6bnfn5\" data-element_type=\"widget\" data-widget_type=\"spacer.default\">\n\t\t\t\t<div class=\"elementor-widget-container\">\n\t\t\t\t\t<div class=\"elementor-spacer\">\n\t\t\t<div class=\"elementor-spacer-inner\"><\/div>\n\t\t<\/div>\n\t\t\t\t<\/div>\n\t\t\t\t<\/div>\n\t\t\t\t<div class=\"elementor-element elementor-element-j81sio5 elementor-widget elementor-widget-themo-blog\" data-id=\"j81sio5\" data-element_type=\"widget\" data-widget_type=\"themo-blog.default\">\n\t\t\t\t<div class=\"elementor-widget-container\">\n\t\t\t<div class=\"alert\">Sorry, no results were found.<\/div>\t\t<\/div>\n\t\t\t\t<\/div>\n\t\t\t\t<div class=\"elementor-element elementor-element-48r7spq elementor-widget elementor-widget-spacer\" data-id=\"48r7spq\" data-element_type=\"widget\" data-widget_type=\"spacer.default\">\n\t\t\t\t<div class=\"elementor-widget-container\">\n\t\t\t\t\t<div class=\"elementor-spacer\">\n\t\t\t<div class=\"elementor-spacer-inner\"><\/div>\n\t\t<\/div>\n\t\t\t\t<\/div>\n\t\t\t\t<\/div>\n\t\t\t\t\t<\/div>\n\t\t<\/div>\n\t\t\t\t\t<\/div>\n\t\t<\/section>\n\t\t\t\t<\/div>\n\t\t","protected":false},"excerpt":{"rendered":"<p>K\u0150M\u0170VES BLOG TELJES SZ\u00c9LESS\u00c9GBEN Sorry, no results were found.<\/p>\n","protected":false},"author":1,"featured_media":0,"parent":0,"menu_order":15,"comment_status":"closed","ping_status":"closed","template":"","meta":{"footnotes":""},"class_list":["post-1061","page","type-page","status-publish","hentry"],"yoast_head":"<!-- This site is optimized with the Yoast SEO plugin v27.4 - https:\/\/yoast.com\/product\/yoast-seo-wordpress\/ -->\n<title>Blog - K\u0151m\u0171ves teljes sz\u00e9less\u00e9gben - Apartment Oliver<\/title>\n<meta name=\"robots\" content=\"index, follow, max-snippet:-1, max-image-preview:large, max-video-preview:-1\" \/>\n<link rel=\"canonical\" href=\"https:\/\/apartmentoliver.com\/hu\/blog-komuves-teljes-szelessegben\/\" \/>\n<meta property=\"og:locale\" content=\"hu_HU\" \/>\n<meta property=\"og:type\" content=\"article\" \/>\n<meta property=\"og:title\" content=\"Blog - K\u0151m\u0171ves teljes sz\u00e9less\u00e9gben - Apartment Oliver\" \/>\n<meta property=\"og:description\" content=\"K\u0150M\u0170VES BLOG TELJES SZ\u00c9LESS\u00c9GBEN Sorry, no results were found.\" \/>\n<meta property=\"og:url\" content=\"https:\/\/apartmentoliver.com\/hu\/blog-komuves-teljes-szelessegben\/\" \/>\n<meta property=\"og:site_name\" content=\"Apartment Oliver\" \/>\n<meta property=\"article:publisher\" content=\"https:\/\/www.facebook.com\/apartmentoliver\" \/>\n<meta property=\"article:modified_time\" content=\"2023-07-31T12:54:53+00:00\" \/>\n<meta property=\"og:image\" content=\"https:\/\/apartmentoliver.com\/wp-content\/uploads\/2023\/08\/Apartmentoliver_cover.png\" \/>\n\t<meta property=\"og:image:width\" content=\"940\" \/>\n\t<meta property=\"og:image:height\" content=\"788\" \/>\n\t<meta property=\"og:image:type\" content=\"image\/png\" \/>\n<meta name=\"twitter:card\" content=\"summary_large_image\" \/>\n<script type=\"application\/ld+json\" class=\"yoast-schema-graph\">{\"@context\":\"https:\\\/\\\/schema.org\",\"@graph\":[{\"@type\":\"WebPage\",\"@id\":\"https:\\\/\\\/apartmentoliver.com\\\/hu\\\/blog-komuves-teljes-szelessegben\\\/\",\"url\":\"https:\\\/\\\/apartmentoliver.com\\\/hu\\\/blog-komuves-teljes-szelessegben\\\/\",\"name\":\"Blog - K\u0151m\u0171ves teljes sz\u00e9less\u00e9gben - Apartment Oliver\",\"isPartOf\":{\"@id\":\"https:\\\/\\\/apartmentoliver.com\\\/hu\\\/#website\"},\"datePublished\":\"2017-06-07T06:13:23+00:00\",\"dateModified\":\"2023-07-31T12:54:53+00:00\",\"breadcrumb\":{\"@id\":\"https:\\\/\\\/apartmentoliver.com\\\/hu\\\/blog-komuves-teljes-szelessegben\\\/#breadcrumb\"},\"inLanguage\":\"hu\",\"potentialAction\":[{\"@type\":\"ReadAction\",\"target\":[\"https:\\\/\\\/apartmentoliver.com\\\/hu\\\/blog-komuves-teljes-szelessegben\\\/\"]}]},{\"@type\":\"BreadcrumbList\",\"@id\":\"https:\\\/\\\/apartmentoliver.com\\\/hu\\\/blog-komuves-teljes-szelessegben\\\/#breadcrumb\",\"itemListElement\":[{\"@type\":\"ListItem\",\"position\":1,\"name\":\"Home\",\"item\":\"https:\\\/\\\/apartmentoliver.com\\\/hu\\\/\"},{\"@type\":\"ListItem\",\"position\":2,\"name\":\"Blog &#8211; K\u0151m\u0171ves teljes sz\u00e9less\u00e9gben\"}]},{\"@type\":\"WebSite\",\"@id\":\"https:\\\/\\\/apartmentoliver.com\\\/hu\\\/#website\",\"url\":\"https:\\\/\\\/apartmentoliver.com\\\/hu\\\/\",\"name\":\"Apartment Oliver\",\"description\":\"\",\"publisher\":{\"@id\":\"https:\\\/\\\/apartmentoliver.com\\\/hu\\\/#organization\"},\"potentialAction\":[{\"@type\":\"SearchAction\",\"target\":{\"@type\":\"EntryPoint\",\"urlTemplate\":\"https:\\\/\\\/apartmentoliver.com\\\/hu\\\/?s={search_term_string}\"},\"query-input\":{\"@type\":\"PropertyValueSpecification\",\"valueRequired\":true,\"valueName\":\"search_term_string\"}}],\"inLanguage\":\"hu\"},{\"@type\":\"Organization\",\"@id\":\"https:\\\/\\\/apartmentoliver.com\\\/hu\\\/#organization\",\"name\":\"Apartment Oliver - Folgarida\",\"alternateName\":\"Apartment Oliver - Folgarida\",\"url\":\"https:\\\/\\\/apartmentoliver.com\\\/hu\\\/\",\"logo\":{\"@type\":\"ImageObject\",\"inLanguage\":\"hu\",\"@id\":\"https:\\\/\\\/apartmentoliver.com\\\/hu\\\/#\\\/schema\\\/logo\\\/image\\\/\",\"url\":\"http:\\\/\\\/apartmentoliver.com\\\/wp-content\\\/uploads\\\/2022\\\/05\\\/Kepernyofoto_2023-07-11_-_21.49.28-removebg-preview.png\",\"contentUrl\":\"http:\\\/\\\/apartmentoliver.com\\\/wp-content\\\/uploads\\\/2022\\\/05\\\/Kepernyofoto_2023-07-11_-_21.49.28-removebg-preview.png\",\"width\":775,\"height\":322,\"caption\":\"Apartment Oliver - Folgarida\"},\"image\":{\"@id\":\"https:\\\/\\\/apartmentoliver.com\\\/hu\\\/#\\\/schema\\\/logo\\\/image\\\/\"},\"sameAs\":[\"https:\\\/\\\/www.facebook.com\\\/apartmentoliver\"]}]}<\/script>\n<!-- \/ Yoast SEO plugin. -->","yoast_head_json":{"title":"Blog - K\u0151m\u0171ves teljes sz\u00e9less\u00e9gben - Apartment Oliver","robots":{"index":"index","follow":"follow","max-snippet":"max-snippet:-1","max-image-preview":"max-image-preview:large","max-video-preview":"max-video-preview:-1"},"canonical":"https:\/\/apartmentoliver.com\/hu\/blog-komuves-teljes-szelessegben\/","og_locale":"hu_HU","og_type":"article","og_title":"Blog - K\u0151m\u0171ves teljes sz\u00e9less\u00e9gben - Apartment Oliver","og_description":"K\u0150M\u0170VES BLOG TELJES SZ\u00c9LESS\u00c9GBEN Sorry, no results were found.","og_url":"https:\/\/apartmentoliver.com\/hu\/blog-komuves-teljes-szelessegben\/","og_site_name":"Apartment Oliver","article_publisher":"https:\/\/www.facebook.com\/apartmentoliver","article_modified_time":"2023-07-31T12:54:53+00:00","og_image":[{"width":940,"height":788,"url":"https:\/\/apartmentoliver.com\/wp-content\/uploads\/2023\/08\/Apartmentoliver_cover.png","type":"image\/png"}],"twitter_card":"summary_large_image","schema":{"@context":"https:\/\/schema.org","@graph":[{"@type":"WebPage","@id":"https:\/\/apartmentoliver.com\/hu\/blog-komuves-teljes-szelessegben\/","url":"https:\/\/apartmentoliver.com\/hu\/blog-komuves-teljes-szelessegben\/","name":"Blog - K\u0151m\u0171ves teljes sz\u00e9less\u00e9gben - Apartment Oliver","isPartOf":{"@id":"https:\/\/apartmentoliver.com\/hu\/#website"},"datePublished":"2017-06-07T06:13:23+00:00","dateModified":"2023-07-31T12:54:53+00:00","breadcrumb":{"@id":"https:\/\/apartmentoliver.com\/hu\/blog-komuves-teljes-szelessegben\/#breadcrumb"},"inLanguage":"hu","potentialAction":[{"@type":"ReadAction","target":["https:\/\/apartmentoliver.com\/hu\/blog-komuves-teljes-szelessegben\/"]}]},{"@type":"BreadcrumbList","@id":"https:\/\/apartmentoliver.com\/hu\/blog-komuves-teljes-szelessegben\/#breadcrumb","itemListElement":[{"@type":"ListItem","position":1,"name":"Home","item":"https:\/\/apartmentoliver.com\/hu\/"},{"@type":"ListItem","position":2,"name":"Blog &#8211; K\u0151m\u0171ves teljes sz\u00e9less\u00e9gben"}]},{"@type":"WebSite","@id":"https:\/\/apartmentoliver.com\/hu\/#website","url":"https:\/\/apartmentoliver.com\/hu\/","name":"Apartment Oliver","description":"","publisher":{"@id":"https:\/\/apartmentoliver.com\/hu\/#organization"},"potentialAction":[{"@type":"SearchAction","target":{"@type":"EntryPoint","urlTemplate":"https:\/\/apartmentoliver.com\/hu\/?s={search_term_string}"},"query-input":{"@type":"PropertyValueSpecification","valueRequired":true,"valueName":"search_term_string"}}],"inLanguage":"hu"},{"@type":"Organization","@id":"https:\/\/apartmentoliver.com\/hu\/#organization","name":"Apartment Oliver - Folgarida","alternateName":"Apartment Oliver - Folgarida","url":"https:\/\/apartmentoliver.com\/hu\/","logo":{"@type":"ImageObject","inLanguage":"hu","@id":"https:\/\/apartmentoliver.com\/hu\/#\/schema\/logo\/image\/","url":"http:\/\/apartmentoliver.com\/wp-content\/uploads\/2022\/05\/Kepernyofoto_2023-07-11_-_21.49.28-removebg-preview.png","contentUrl":"http:\/\/apartmentoliver.com\/wp-content\/uploads\/2022\/05\/Kepernyofoto_2023-07-11_-_21.49.28-removebg-preview.png","width":775,"height":322,"caption":"Apartment Oliver - Folgarida"},"image":{"@id":"https:\/\/apartmentoliver.com\/hu\/#\/schema\/logo\/image\/"},"sameAs":["https:\/\/www.facebook.com\/apartmentoliver"]}]}},"_links":{"self":[{"href":"https:\/\/apartmentoliver.com\/hu\/wp-json\/wp\/v2\/pages\/1061","targetHints":{"allow":["GET"]}}],"collection":[{"href":"https:\/\/apartmentoliver.com\/hu\/wp-json\/wp\/v2\/pages"}],"about":[{"href":"https:\/\/apartmentoliver.com\/hu\/wp-json\/wp\/v2\/types\/page"}],"author":[{"embeddable":true,"href":"https:\/\/apartmentoliver.com\/hu\/wp-json\/wp\/v2\/users\/1"}],"replies":[{"embeddable":true,"href":"https:\/\/apartmentoliver.com\/hu\/wp-json\/wp\/v2\/comments?post=1061"}],"version-history":[{"count":2,"href":"https:\/\/apartmentoliver.com\/hu\/wp-json\/wp\/v2\/pages\/1061\/revisions"}],"predecessor-version":[{"id":1069,"href":"https:\/\/apartmentoliver.com\/hu\/wp-json\/wp\/v2\/pages\/1061\/revisions\/1069"}],"wp:attachment":[{"href":"https:\/\/apartmentoliver.com\/hu\/wp-json\/wp\/v2\/media?parent=1061"}],"curies":[{"name":"wp","href":"https:\/\/api.w.org\/{rel}","templated":true}]}}