{"id":911,"date":"2019-03-19T20:35:42","date_gmt":"2019-03-19T20:35:42","guid":{"rendered":"http:\/\/apartmentoliver.com\/kereses-elerhetoseg\/"},"modified":"2023-07-31T19:56:35","modified_gmt":"2023-07-31T19:56:35","slug":"kereses-elerhetoseg","status":"publish","type":"page","link":"https:\/\/apartmentoliver.com\/hu\/kereses-elerhetoseg\/","title":{"rendered":"Keres\u00e9s el\u00e9rhet\u0151s\u00e9g"},"content":{"rendered":"<div class=\"mphb_sc_search-wrapper \"><form method=\"GET\" class=\"mphb_sc_search-form\" action=\"https:\/\/apartmentoliver.com\/hu\/keresesi-eredmenyek\/\">\n\n\t<p class = \"mphb-required-fields-tip\">\n\t<small>\n\t\tA k\u00f6telez\u0151en kit\u00f6ltend\u0151 mez\u0151ket k\u00f6veti a\t\t<abbr title=\"required\">*<\/abbr>\n\t<\/small>\n<\/p>\n\t<p class=\"mphb_sc_search-check-in-date\">\n\t\t<label for=\"mphb_check_in_date-mphb-search-form-69f33c9a19ca7\">\n\t\t\tBejelentkez\u00e9s\t\t\t<abbr title=\"Form\u00e1zott dd\/mm\/yyyy\">*<\/abbr>\n\t\t<\/label>\n\t\t<br \/>\n\t\t<input\n\t\t\tid=\"mphb_check_in_date-mphb-search-form-69f33c9a19ca7\"\n\t\t\tdata-datepick-group=\"mphb-search-form-69f33c9a19ca7\"\n\t\t\tvalue=\"\"\n\t\t\tplaceholder=\"Bejelentkez\u00e9s d\u00e1tuma\"\n\t\t\trequired=\"required\"\n\t\t\ttype=\"text\"\n\t\t\tinputmode=\"none\"\n\t\t\tname=\"mphb_check_in_date\"\n\t\t\tclass=\"mphb-datepick\"\n\t\t\tautocomplete=\"off\"\n\t\t\t\/>\n\t<\/p>\n\n\t<p class=\"mphb_sc_search-check-out-date\">\n\t\t<label for=\"mphb_check_out_date-mphb-search-form-69f33c9a19ca7\">\n\t\t\tKijelentkez\u00e9s\t\t\t<abbr title=\"Form\u00e1zott dd\/mm\/yyyy\">*<\/abbr>\n\t\t<\/label>\n\t\t<br \/>\n\t\t<input\n\t\t\tid=\"mphb_check_out_date-mphb-search-form-69f33c9a19ca7\"\n\t\t\tdata-datepick-group=\"mphb-search-form-69f33c9a19ca7\"\n\t\t\tvalue=\"\"\n\t\t\tplaceholder=\"Kijelentkez\u00e9si d\u00e1tum\"\n\t\t\trequired=\"required\"\n\t\t\ttype=\"text\"\n\t\t\tinputmode=\"none\"\n\t\t\tname=\"mphb_check_out_date\"\n\t\t\tclass=\"mphb-datepick\"\n\t\t\tautocomplete=\"off\"\n\t\t\t\/>\n\t<\/p>\n\n\t\t\t<p class=\"mphb_sc_search-adults\">\n\t\t\t<label for=\"mphb_adults-mphb-search-form-69f33c9a19ca7\">\n\t\t\t\tVend\u00e9gek\t\t\t<\/label>\n\t\t\t<br \/>\n\t\t\t<select id=\"mphb_adults-mphb-search-form-69f33c9a19ca7\" name=\"mphb_adults\" >\n\t\t\t\t\t\t\t\t\t<option value=\"1\"  selected='selected'>1<\/option>\n\t\t\t\t\t\t\t\t\t<option value=\"2\" >2<\/option>\n\t\t\t\t\t\t\t\t\t<option value=\"3\" >3<\/option>\n\t\t\t\t\t\t\t\t\t<option value=\"4\" >4<\/option>\n\t\t\t\t\t\t\t<\/select>\n\t\t<\/p>\n\t\n\t\t\t<input type=\"hidden\" id=\"mphb_children-mphb-search-form-69f33c9a19ca7\" name=\"mphb_children\" value=\"0\" \/>\n\t\n\t\n\t\n\t<input id=\"mphb_check_in_date-mphb-search-form-69f33c9a19ca7-hidden\" value=\"\" type=\"hidden\" name=\"mphb_check_in_date\" \/><input id=\"mphb_check_out_date-mphb-search-form-69f33c9a19ca7-hidden\" value=\"\" type=\"hidden\" name=\"mphb_check_out_date\" \/>\n\t<p class=\"mphb_sc_search-submit-button-wrapper\">\n\t\t<input type=\"submit\" class=\"button\" value=\"Keres\u00e9s\"\/>\n\t<\/p>\n\n\t\n<\/form>\n<\/div>\n","protected":false},"excerpt":{"rendered":"","protected":false},"author":1,"featured_media":0,"parent":0,"menu_order":0,"comment_status":"closed","ping_status":"closed","template":"","meta":{"footnotes":""},"class_list":["post-911","page","type-page","status-publish","hentry"],"yoast_head":"<!-- This site is optimized with the Yoast SEO plugin v27.4 - https:\/\/yoast.com\/product\/yoast-seo-wordpress\/ -->\n<title>Keres\u00e9s el\u00e9rhet\u0151s\u00e9g - Apartment Oliver<\/title>\n<meta name=\"robots\" content=\"index, follow, max-snippet:-1, max-image-preview:large, max-video-preview:-1\" \/>\n<link rel=\"canonical\" href=\"https:\/\/apartmentoliver.com\/hu\/kereses-elerhetoseg\/\" \/>\n<meta property=\"og:locale\" content=\"hu_HU\" \/>\n<meta property=\"og:type\" content=\"article\" \/>\n<meta property=\"og:title\" content=\"Keres\u00e9s el\u00e9rhet\u0151s\u00e9g - Apartment Oliver\" \/>\n<meta property=\"og:url\" content=\"https:\/\/apartmentoliver.com\/hu\/kereses-elerhetoseg\/\" \/>\n<meta property=\"og:site_name\" content=\"Apartment Oliver\" \/>\n<meta property=\"article:publisher\" content=\"https:\/\/www.facebook.com\/apartmentoliver\" \/>\n<meta property=\"article:modified_time\" content=\"2023-07-31T19:56:35+00:00\" \/>\n<meta property=\"og:image\" content=\"https:\/\/apartmentoliver.com\/wp-content\/uploads\/2023\/08\/Apartmentoliver_cover.png\" \/>\n\t<meta property=\"og:image:width\" content=\"940\" \/>\n\t<meta property=\"og:image:height\" content=\"788\" \/>\n\t<meta property=\"og:image:type\" content=\"image\/png\" \/>\n<meta name=\"twitter:card\" content=\"summary_large_image\" \/>\n<script type=\"application\/ld+json\" class=\"yoast-schema-graph\">{\"@context\":\"https:\\\/\\\/schema.org\",\"@graph\":[{\"@type\":\"WebPage\",\"@id\":\"https:\\\/\\\/apartmentoliver.com\\\/hu\\\/kereses-elerhetoseg\\\/\",\"url\":\"https:\\\/\\\/apartmentoliver.com\\\/hu\\\/kereses-elerhetoseg\\\/\",\"name\":\"Keres\u00e9s el\u00e9rhet\u0151s\u00e9g - Apartment Oliver\",\"isPartOf\":{\"@id\":\"https:\\\/\\\/apartmentoliver.com\\\/hu\\\/#website\"},\"datePublished\":\"2019-03-19T20:35:42+00:00\",\"dateModified\":\"2023-07-31T19:56:35+00:00\",\"breadcrumb\":{\"@id\":\"https:\\\/\\\/apartmentoliver.com\\\/hu\\\/kereses-elerhetoseg\\\/#breadcrumb\"},\"inLanguage\":\"hu\",\"potentialAction\":[{\"@type\":\"ReadAction\",\"target\":[\"https:\\\/\\\/apartmentoliver.com\\\/hu\\\/kereses-elerhetoseg\\\/\"]}]},{\"@type\":\"BreadcrumbList\",\"@id\":\"https:\\\/\\\/apartmentoliver.com\\\/hu\\\/kereses-elerhetoseg\\\/#breadcrumb\",\"itemListElement\":[{\"@type\":\"ListItem\",\"position\":1,\"name\":\"Home\",\"item\":\"https:\\\/\\\/apartmentoliver.com\\\/hu\\\/\"},{\"@type\":\"ListItem\",\"position\":2,\"name\":\"Keres\u00e9s el\u00e9rhet\u0151s\u00e9g\"}]},{\"@type\":\"WebSite\",\"@id\":\"https:\\\/\\\/apartmentoliver.com\\\/hu\\\/#website\",\"url\":\"https:\\\/\\\/apartmentoliver.com\\\/hu\\\/\",\"name\":\"Apartment Oliver\",\"description\":\"\",\"publisher\":{\"@id\":\"https:\\\/\\\/apartmentoliver.com\\\/hu\\\/#organization\"},\"potentialAction\":[{\"@type\":\"SearchAction\",\"target\":{\"@type\":\"EntryPoint\",\"urlTemplate\":\"https:\\\/\\\/apartmentoliver.com\\\/hu\\\/?s={search_term_string}\"},\"query-input\":{\"@type\":\"PropertyValueSpecification\",\"valueRequired\":true,\"valueName\":\"search_term_string\"}}],\"inLanguage\":\"hu\"},{\"@type\":\"Organization\",\"@id\":\"https:\\\/\\\/apartmentoliver.com\\\/hu\\\/#organization\",\"name\":\"Apartment Oliver - Folgarida\",\"alternateName\":\"Apartment Oliver - Folgarida\",\"url\":\"https:\\\/\\\/apartmentoliver.com\\\/hu\\\/\",\"logo\":{\"@type\":\"ImageObject\",\"inLanguage\":\"hu\",\"@id\":\"https:\\\/\\\/apartmentoliver.com\\\/hu\\\/#\\\/schema\\\/logo\\\/image\\\/\",\"url\":\"http:\\\/\\\/apartmentoliver.com\\\/wp-content\\\/uploads\\\/2022\\\/05\\\/Kepernyofoto_2023-07-11_-_21.49.28-removebg-preview.png\",\"contentUrl\":\"http:\\\/\\\/apartmentoliver.com\\\/wp-content\\\/uploads\\\/2022\\\/05\\\/Kepernyofoto_2023-07-11_-_21.49.28-removebg-preview.png\",\"width\":775,\"height\":322,\"caption\":\"Apartment Oliver - Folgarida\"},\"image\":{\"@id\":\"https:\\\/\\\/apartmentoliver.com\\\/hu\\\/#\\\/schema\\\/logo\\\/image\\\/\"},\"sameAs\":[\"https:\\\/\\\/www.facebook.com\\\/apartmentoliver\"]}]}<\/script>\n<!-- \/ Yoast SEO plugin. -->","yoast_head_json":{"title":"Keres\u00e9s el\u00e9rhet\u0151s\u00e9g - Apartment Oliver","robots":{"index":"index","follow":"follow","max-snippet":"max-snippet:-1","max-image-preview":"max-image-preview:large","max-video-preview":"max-video-preview:-1"},"canonical":"https:\/\/apartmentoliver.com\/hu\/kereses-elerhetoseg\/","og_locale":"hu_HU","og_type":"article","og_title":"Keres\u00e9s el\u00e9rhet\u0151s\u00e9g - Apartment Oliver","og_url":"https:\/\/apartmentoliver.com\/hu\/kereses-elerhetoseg\/","og_site_name":"Apartment Oliver","article_publisher":"https:\/\/www.facebook.com\/apartmentoliver","article_modified_time":"2023-07-31T19:56:35+00:00","og_image":[{"width":940,"height":788,"url":"https:\/\/apartmentoliver.com\/wp-content\/uploads\/2023\/08\/Apartmentoliver_cover.png","type":"image\/png"}],"twitter_card":"summary_large_image","schema":{"@context":"https:\/\/schema.org","@graph":[{"@type":"WebPage","@id":"https:\/\/apartmentoliver.com\/hu\/kereses-elerhetoseg\/","url":"https:\/\/apartmentoliver.com\/hu\/kereses-elerhetoseg\/","name":"Keres\u00e9s el\u00e9rhet\u0151s\u00e9g - Apartment Oliver","isPartOf":{"@id":"https:\/\/apartmentoliver.com\/hu\/#website"},"datePublished":"2019-03-19T20:35:42+00:00","dateModified":"2023-07-31T19:56:35+00:00","breadcrumb":{"@id":"https:\/\/apartmentoliver.com\/hu\/kereses-elerhetoseg\/#breadcrumb"},"inLanguage":"hu","potentialAction":[{"@type":"ReadAction","target":["https:\/\/apartmentoliver.com\/hu\/kereses-elerhetoseg\/"]}]},{"@type":"BreadcrumbList","@id":"https:\/\/apartmentoliver.com\/hu\/kereses-elerhetoseg\/#breadcrumb","itemListElement":[{"@type":"ListItem","position":1,"name":"Home","item":"https:\/\/apartmentoliver.com\/hu\/"},{"@type":"ListItem","position":2,"name":"Keres\u00e9s el\u00e9rhet\u0151s\u00e9g"}]},{"@type":"WebSite","@id":"https:\/\/apartmentoliver.com\/hu\/#website","url":"https:\/\/apartmentoliver.com\/hu\/","name":"Apartment Oliver","description":"","publisher":{"@id":"https:\/\/apartmentoliver.com\/hu\/#organization"},"potentialAction":[{"@type":"SearchAction","target":{"@type":"EntryPoint","urlTemplate":"https:\/\/apartmentoliver.com\/hu\/?s={search_term_string}"},"query-input":{"@type":"PropertyValueSpecification","valueRequired":true,"valueName":"search_term_string"}}],"inLanguage":"hu"},{"@type":"Organization","@id":"https:\/\/apartmentoliver.com\/hu\/#organization","name":"Apartment Oliver - Folgarida","alternateName":"Apartment Oliver - Folgarida","url":"https:\/\/apartmentoliver.com\/hu\/","logo":{"@type":"ImageObject","inLanguage":"hu","@id":"https:\/\/apartmentoliver.com\/hu\/#\/schema\/logo\/image\/","url":"http:\/\/apartmentoliver.com\/wp-content\/uploads\/2022\/05\/Kepernyofoto_2023-07-11_-_21.49.28-removebg-preview.png","contentUrl":"http:\/\/apartmentoliver.com\/wp-content\/uploads\/2022\/05\/Kepernyofoto_2023-07-11_-_21.49.28-removebg-preview.png","width":775,"height":322,"caption":"Apartment Oliver - Folgarida"},"image":{"@id":"https:\/\/apartmentoliver.com\/hu\/#\/schema\/logo\/image\/"},"sameAs":["https:\/\/www.facebook.com\/apartmentoliver"]}]}},"_links":{"self":[{"href":"https:\/\/apartmentoliver.com\/hu\/wp-json\/wp\/v2\/pages\/911","targetHints":{"allow":["GET"]}}],"collection":[{"href":"https:\/\/apartmentoliver.com\/hu\/wp-json\/wp\/v2\/pages"}],"about":[{"href":"https:\/\/apartmentoliver.com\/hu\/wp-json\/wp\/v2\/types\/page"}],"author":[{"embeddable":true,"href":"https:\/\/apartmentoliver.com\/hu\/wp-json\/wp\/v2\/users\/1"}],"replies":[{"embeddable":true,"href":"https:\/\/apartmentoliver.com\/hu\/wp-json\/wp\/v2\/comments?post=911"}],"version-history":[{"count":1,"href":"https:\/\/apartmentoliver.com\/hu\/wp-json\/wp\/v2\/pages\/911\/revisions"}],"predecessor-version":[{"id":928,"href":"https:\/\/apartmentoliver.com\/hu\/wp-json\/wp\/v2\/pages\/911\/revisions\/928"}],"wp:attachment":[{"href":"https:\/\/apartmentoliver.com\/hu\/wp-json\/wp\/v2\/media?parent=911"}],"curies":[{"name":"wp","href":"https:\/\/api.w.org\/{rel}","templated":true}]}}