{"id":914,"date":"2019-03-19T20:35:42","date_gmt":"2019-03-19T20:35:42","guid":{"rendered":"http:\/\/apartmentoliver.com\/szallashelyek\/"},"modified":"2023-07-31T19:44:17","modified_gmt":"2023-07-31T19:44:17","slug":"szallashelyek","status":"publish","type":"page","link":"https:\/\/apartmentoliver.com\/hu\/szallashelyek\/","title":{"rendered":"Sz\u00e1ll\u00e1shelyek"},"content":{"rendered":"<div class=\"mphb_sc_rooms-wrapper mphb-room-types \">\n<div class=\"mphb-room-type post-1216 mphb_room_type type-mphb_room_type status-publish format-standard mphb_room_type_facility-agynemu-es-torolkozo mphb_room_type_facility-bidet-hu mphb_room_type_facility-felszerelt-konyha-hutoszekrennyel mphb_room_type_facility-hajszarito mphb_room_type_facility-mosogatogep mphb_room_type_facility-smart-tv-hu mphb_room_type_facility-wc-hu mphb_room_type_facility-wi-fi-hu mphb_room_type_facility-zart-parkolo mphb_room_type_facility-zuhany mphb-room-type-adults-4 mphb-room-type-children-3 has-taxes-and-fees\">\n\n\t\n\t\n<h2 class=\"mphb-room-type-title entry-title\">\n\n<a class=\"mphb-room-type-title\" href=\"https:\/\/apartmentoliver.com\/hu\/accommodation\/apartman\/\">Apartman<\/a>\n\n<\/h2>\n\n\n\n<h3 class=\"mphb-room-type-details-title\">R\u00e9szletek<\/h3><ul class=\"mphb-loop-room-type-attributes\">\n    <li class=\"mphb-room-type-total-capacity\"><span class=\"mphb-attribute-title mphb-total-capacity-title\">Vend\u00e9gek:<\/span><span class=\"mphb-attribute-value\">\n    4\n    <\/span><\/li>\n\n\n\t<li class=\"mphb-room-type-facilities\"><span class=\"mphb-attribute-title mphb-facilities-title\">Szolg\u00e1ltat\u00e1sok:<\/span><span class=\"mphb-attribute-value\"> <span class=\"facility-agynemu-es-torolkozo\"><a href=\"https:\/\/apartmentoliver.com\/hu\/accommodation-facility\/agynemu-es-torolkozo\/\">\u00c1gynem\u0171 \u00e9s t\u00f6r\u00f6lk\u00f6z\u0151<\/a><\/span>, <span class=\"facility-bidet-hu\"><a href=\"https:\/\/apartmentoliver.com\/hu\/accommodation-facility\/bidet-hu\/\">Bidet<\/a><\/span>, <span class=\"facility-felszerelt-konyha-hutoszekrennyel\"><a href=\"https:\/\/apartmentoliver.com\/hu\/accommodation-facility\/felszerelt-konyha-hutoszekrennyel\/\">Felszerelt konyha h\u0171t\u0151szekr\u00e9nnyel<\/a><\/span>, <span class=\"facility-hajszarito\"><a href=\"https:\/\/apartmentoliver.com\/hu\/accommodation-facility\/hajszarito\/\">Hajsz\u00e1r\u00edt\u00f3<\/a><\/span>, <span class=\"facility-mosogatogep\"><a href=\"https:\/\/apartmentoliver.com\/hu\/accommodation-facility\/mosogatogep\/\">Mosogat\u00f3g\u00e9p<\/a><\/span>, <span class=\"facility-smart-tv-hu\"><a href=\"https:\/\/apartmentoliver.com\/hu\/accommodation-facility\/smart-tv-hu\/\">Smart TV<\/a><\/span>, <span class=\"facility-wc-hu\"><a href=\"https:\/\/apartmentoliver.com\/hu\/accommodation-facility\/wc-hu\/\">Wc<\/a><\/span>, <span class=\"facility-wi-fi-hu\"><a href=\"https:\/\/apartmentoliver.com\/hu\/accommodation-facility\/wi-fi-hu\/\">Wi-Fi<\/a><\/span>, <span class=\"facility-zart-parkolo\"><a href=\"https:\/\/apartmentoliver.com\/hu\/accommodation-facility\/zart-parkolo\/\">Z\u00e1rt parkol\u00f3<\/a><\/span>, <span class=\"facility-zuhany\"><a href=\"https:\/\/apartmentoliver.com\/hu\/accommodation-facility\/zuhany\/\">Zuhany<\/a><\/span><\/span><\/li>\n\n\n\n\t<li class=\"mphb-room-type-view\"><span class=\"mphb-attribute-title mphb-view-title\">N\u00e9zet:<\/span><span class=\"mphb-attribute-value\">\n\tHegyi kil\u00e1t\u00e1s\n\t<\/span><\/li>\n\n\n\n\t<li class=\"mphb-room-type-size\"><span class=\"mphb-attribute-title mphb-size-title\">M\u00e9ret:<\/span><span class=\"mphb-attribute-value\">\n\t40m\u00b2\n\t<\/span><\/li>\n\n\n\t<li class=\"mphb-room-type-bed-type\"><span  class=\"mphb-attribute-title mphb-bed-type-title\">\u00c1gy t\u00edpus:<\/span><span class=\"mphb-attribute-value\">\n\tFrancia\u00e1gy vagy 2 egyszem\u00e9lyes \u00e1gy, kanap\u00e9\u00e1gy\n\t<\/span><\/li>\n\n\n<\/ul>\n\n<p class=\"mphb-view-details-button-wrapper\">\n<a class=\"button mphb-view-details-button\" href=\"https:\/\/apartmentoliver.com\/hu\/accommodation\/apartman\/\" >R\u00e9szletek megtekint\u00e9se<\/a>\n<\/p>\n<div class=\"mphb-to-book-btn-wrapper\">\n<form action=\"https:\/\/apartmentoliver.com\/hu\/accommodation\/apartman\/#booking-form-1216\" method=\"get\" ><button type=\"submit\" class=\"button mphb-book-button\" >Foglal\u00e1s<\/button><\/form>\n<br\/><\/div>\n\t\n<\/div>\n\n<\/div>\n","protected":false},"excerpt":{"rendered":"","protected":false},"author":1,"featured_media":0,"parent":0,"menu_order":0,"comment_status":"closed","ping_status":"closed","template":"","meta":{"footnotes":""},"class_list":["post-914","page","type-page","status-publish","hentry"],"yoast_head":"<!-- This site is optimized with the Yoast SEO plugin v27.3 - https:\/\/yoast.com\/product\/yoast-seo-wordpress\/ -->\n<title>Sz\u00e1ll\u00e1shelyek - Apartment Oliver<\/title>\n<meta name=\"robots\" content=\"index, follow, max-snippet:-1, max-image-preview:large, max-video-preview:-1\" \/>\n<link rel=\"canonical\" href=\"https:\/\/apartmentoliver.com\/hu\/szallashelyek\/\" \/>\n<meta property=\"og:locale\" content=\"hu_HU\" \/>\n<meta property=\"og:type\" content=\"article\" \/>\n<meta property=\"og:title\" content=\"Sz\u00e1ll\u00e1shelyek - Apartment Oliver\" \/>\n<meta property=\"og:url\" content=\"https:\/\/apartmentoliver.com\/hu\/szallashelyek\/\" \/>\n<meta property=\"og:site_name\" content=\"Apartment Oliver\" \/>\n<meta property=\"article:publisher\" content=\"https:\/\/www.facebook.com\/apartmentoliver\" \/>\n<meta property=\"article:modified_time\" content=\"2023-07-31T19:44:17+00:00\" \/>\n<meta property=\"og:image\" content=\"https:\/\/apartmentoliver.com\/wp-content\/uploads\/2023\/08\/Apartmentoliver_cover.png\" \/>\n\t<meta property=\"og:image:width\" content=\"940\" \/>\n\t<meta property=\"og:image:height\" content=\"788\" \/>\n\t<meta property=\"og:image:type\" content=\"image\/png\" \/>\n<meta name=\"twitter:card\" content=\"summary_large_image\" \/>\n<script type=\"application\/ld+json\" class=\"yoast-schema-graph\">{\"@context\":\"https:\\\/\\\/schema.org\",\"@graph\":[{\"@type\":\"WebPage\",\"@id\":\"https:\\\/\\\/apartmentoliver.com\\\/hu\\\/szallashelyek\\\/\",\"url\":\"https:\\\/\\\/apartmentoliver.com\\\/hu\\\/szallashelyek\\\/\",\"name\":\"Sz\u00e1ll\u00e1shelyek - Apartment Oliver\",\"isPartOf\":{\"@id\":\"https:\\\/\\\/apartmentoliver.com\\\/hu\\\/#website\"},\"datePublished\":\"2019-03-19T20:35:42+00:00\",\"dateModified\":\"2023-07-31T19:44:17+00:00\",\"breadcrumb\":{\"@id\":\"https:\\\/\\\/apartmentoliver.com\\\/hu\\\/szallashelyek\\\/#breadcrumb\"},\"inLanguage\":\"hu\",\"potentialAction\":[{\"@type\":\"ReadAction\",\"target\":[\"https:\\\/\\\/apartmentoliver.com\\\/hu\\\/szallashelyek\\\/\"]}]},{\"@type\":\"BreadcrumbList\",\"@id\":\"https:\\\/\\\/apartmentoliver.com\\\/hu\\\/szallashelyek\\\/#breadcrumb\",\"itemListElement\":[{\"@type\":\"ListItem\",\"position\":1,\"name\":\"Home\",\"item\":\"https:\\\/\\\/apartmentoliver.com\\\/hu\\\/\"},{\"@type\":\"ListItem\",\"position\":2,\"name\":\"Sz\u00e1ll\u00e1shelyek\"}]},{\"@type\":\"WebSite\",\"@id\":\"https:\\\/\\\/apartmentoliver.com\\\/hu\\\/#website\",\"url\":\"https:\\\/\\\/apartmentoliver.com\\\/hu\\\/\",\"name\":\"Apartment Oliver\",\"description\":\"\",\"publisher\":{\"@id\":\"https:\\\/\\\/apartmentoliver.com\\\/hu\\\/#organization\"},\"potentialAction\":[{\"@type\":\"SearchAction\",\"target\":{\"@type\":\"EntryPoint\",\"urlTemplate\":\"https:\\\/\\\/apartmentoliver.com\\\/hu\\\/?s={search_term_string}\"},\"query-input\":{\"@type\":\"PropertyValueSpecification\",\"valueRequired\":true,\"valueName\":\"search_term_string\"}}],\"inLanguage\":\"hu\"},{\"@type\":\"Organization\",\"@id\":\"https:\\\/\\\/apartmentoliver.com\\\/hu\\\/#organization\",\"name\":\"Apartment Oliver - Folgarida\",\"alternateName\":\"Apartment Oliver - Folgarida\",\"url\":\"https:\\\/\\\/apartmentoliver.com\\\/hu\\\/\",\"logo\":{\"@type\":\"ImageObject\",\"inLanguage\":\"hu\",\"@id\":\"https:\\\/\\\/apartmentoliver.com\\\/hu\\\/#\\\/schema\\\/logo\\\/image\\\/\",\"url\":\"http:\\\/\\\/apartmentoliver.com\\\/wp-content\\\/uploads\\\/2022\\\/05\\\/Kepernyofoto_2023-07-11_-_21.49.28-removebg-preview.png\",\"contentUrl\":\"http:\\\/\\\/apartmentoliver.com\\\/wp-content\\\/uploads\\\/2022\\\/05\\\/Kepernyofoto_2023-07-11_-_21.49.28-removebg-preview.png\",\"width\":775,\"height\":322,\"caption\":\"Apartment Oliver - Folgarida\"},\"image\":{\"@id\":\"https:\\\/\\\/apartmentoliver.com\\\/hu\\\/#\\\/schema\\\/logo\\\/image\\\/\"},\"sameAs\":[\"https:\\\/\\\/www.facebook.com\\\/apartmentoliver\"]}]}<\/script>\n<!-- \/ Yoast SEO plugin. -->","yoast_head_json":{"title":"Sz\u00e1ll\u00e1shelyek - Apartment Oliver","robots":{"index":"index","follow":"follow","max-snippet":"max-snippet:-1","max-image-preview":"max-image-preview:large","max-video-preview":"max-video-preview:-1"},"canonical":"https:\/\/apartmentoliver.com\/hu\/szallashelyek\/","og_locale":"hu_HU","og_type":"article","og_title":"Sz\u00e1ll\u00e1shelyek - Apartment Oliver","og_url":"https:\/\/apartmentoliver.com\/hu\/szallashelyek\/","og_site_name":"Apartment Oliver","article_publisher":"https:\/\/www.facebook.com\/apartmentoliver","article_modified_time":"2023-07-31T19:44:17+00:00","og_image":[{"width":940,"height":788,"url":"https:\/\/apartmentoliver.com\/wp-content\/uploads\/2023\/08\/Apartmentoliver_cover.png","type":"image\/png"}],"twitter_card":"summary_large_image","schema":{"@context":"https:\/\/schema.org","@graph":[{"@type":"WebPage","@id":"https:\/\/apartmentoliver.com\/hu\/szallashelyek\/","url":"https:\/\/apartmentoliver.com\/hu\/szallashelyek\/","name":"Sz\u00e1ll\u00e1shelyek - Apartment Oliver","isPartOf":{"@id":"https:\/\/apartmentoliver.com\/hu\/#website"},"datePublished":"2019-03-19T20:35:42+00:00","dateModified":"2023-07-31T19:44:17+00:00","breadcrumb":{"@id":"https:\/\/apartmentoliver.com\/hu\/szallashelyek\/#breadcrumb"},"inLanguage":"hu","potentialAction":[{"@type":"ReadAction","target":["https:\/\/apartmentoliver.com\/hu\/szallashelyek\/"]}]},{"@type":"BreadcrumbList","@id":"https:\/\/apartmentoliver.com\/hu\/szallashelyek\/#breadcrumb","itemListElement":[{"@type":"ListItem","position":1,"name":"Home","item":"https:\/\/apartmentoliver.com\/hu\/"},{"@type":"ListItem","position":2,"name":"Sz\u00e1ll\u00e1shelyek"}]},{"@type":"WebSite","@id":"https:\/\/apartmentoliver.com\/hu\/#website","url":"https:\/\/apartmentoliver.com\/hu\/","name":"Apartment Oliver","description":"","publisher":{"@id":"https:\/\/apartmentoliver.com\/hu\/#organization"},"potentialAction":[{"@type":"SearchAction","target":{"@type":"EntryPoint","urlTemplate":"https:\/\/apartmentoliver.com\/hu\/?s={search_term_string}"},"query-input":{"@type":"PropertyValueSpecification","valueRequired":true,"valueName":"search_term_string"}}],"inLanguage":"hu"},{"@type":"Organization","@id":"https:\/\/apartmentoliver.com\/hu\/#organization","name":"Apartment Oliver - Folgarida","alternateName":"Apartment Oliver - Folgarida","url":"https:\/\/apartmentoliver.com\/hu\/","logo":{"@type":"ImageObject","inLanguage":"hu","@id":"https:\/\/apartmentoliver.com\/hu\/#\/schema\/logo\/image\/","url":"http:\/\/apartmentoliver.com\/wp-content\/uploads\/2022\/05\/Kepernyofoto_2023-07-11_-_21.49.28-removebg-preview.png","contentUrl":"http:\/\/apartmentoliver.com\/wp-content\/uploads\/2022\/05\/Kepernyofoto_2023-07-11_-_21.49.28-removebg-preview.png","width":775,"height":322,"caption":"Apartment Oliver - Folgarida"},"image":{"@id":"https:\/\/apartmentoliver.com\/hu\/#\/schema\/logo\/image\/"},"sameAs":["https:\/\/www.facebook.com\/apartmentoliver"]}]}},"_links":{"self":[{"href":"https:\/\/apartmentoliver.com\/hu\/wp-json\/wp\/v2\/pages\/914","targetHints":{"allow":["GET"]}}],"collection":[{"href":"https:\/\/apartmentoliver.com\/hu\/wp-json\/wp\/v2\/pages"}],"about":[{"href":"https:\/\/apartmentoliver.com\/hu\/wp-json\/wp\/v2\/types\/page"}],"author":[{"embeddable":true,"href":"https:\/\/apartmentoliver.com\/hu\/wp-json\/wp\/v2\/users\/1"}],"replies":[{"embeddable":true,"href":"https:\/\/apartmentoliver.com\/hu\/wp-json\/wp\/v2\/comments?post=914"}],"version-history":[{"count":1,"href":"https:\/\/apartmentoliver.com\/hu\/wp-json\/wp\/v2\/pages\/914\/revisions"}],"predecessor-version":[{"id":929,"href":"https:\/\/apartmentoliver.com\/hu\/wp-json\/wp\/v2\/pages\/914\/revisions\/929"}],"wp:attachment":[{"href":"https:\/\/apartmentoliver.com\/hu\/wp-json\/wp\/v2\/media?parent=914"}],"curies":[{"name":"wp","href":"https:\/\/api.w.org\/{rel}","templated":true}]}}