{"id":943,"date":"2023-06-26T19:14:02","date_gmt":"2023-06-26T19:14:02","guid":{"rendered":"http:\/\/apartmentoliver.com\/adatvedelmi-iranyelvek\/"},"modified":"2023-08-05T18:27:04","modified_gmt":"2023-08-05T18:27:04","slug":"adatvedelmi-iranyelvek","status":"publish","type":"page","link":"https:\/\/apartmentoliver.com\/hu\/adatvedelmi-iranyelvek\/","title":{"rendered":"Adatv\u00e9delmi ir\u00e1nyelvek"},"content":{"rendered":"\t\t<div data-elementor-type=\"wp-page\" data-elementor-id=\"943\" class=\"elementor elementor-943 elementor-3\">\n\t\t\t\t\t\t<section class=\"elementor-section elementor-top-section elementor-element elementor-element-7ecb8c5f elementor-section-boxed elementor-section-height-default elementor-section-height-default\" data-id=\"7ecb8c5f\" data-element_type=\"section\">\n\t\t\t\t\t\t<div class=\"elementor-container elementor-column-gap-default\">\n\t\t\t\t\t<div class=\"elementor-column elementor-col-100 elementor-top-column elementor-element elementor-element-313439e7\" data-id=\"313439e7\" data-element_type=\"column\">\n\t\t\t<div class=\"elementor-widget-wrap elementor-element-populated\">\n\t\t\t\t\t\t<div class=\"elementor-element elementor-element-309f6a3a elementor-widget elementor-widget-text-editor\" data-id=\"309f6a3a\" data-element_type=\"widget\" data-widget_type=\"text-editor.default\">\n\t\t\t\t<div class=\"elementor-widget-container\">\n\t\t\t<style>\/*! elementor - v3.19.0 - 07-02-2024 *\/\n.elementor-widget-text-editor.elementor-drop-cap-view-stacked .elementor-drop-cap{background-color:#69727d;color:#fff}.elementor-widget-text-editor.elementor-drop-cap-view-framed .elementor-drop-cap{color:#69727d;border:3px solid;background-color:transparent}.elementor-widget-text-editor:not(.elementor-drop-cap-view-default) .elementor-drop-cap{margin-top:8px}.elementor-widget-text-editor:not(.elementor-drop-cap-view-default) .elementor-drop-cap-letter{width:1em;height:1em}.elementor-widget-text-editor .elementor-drop-cap{float:left;text-align:center;line-height:1;font-size:50px}.elementor-widget-text-editor .elementor-drop-cap-letter{display:inline-block}<\/style>\t\t\t\t<h3 class=\"privacy-policy-h1\">Adatv\u00e9delmi ir\u00e1nyelvek<\/h3>\n<\/p>\n<p class=\"privacy-policy-h1\"><strong> <\/strong><\/p>\n<p class=\"privacy-policy-h1\"><strong>Utols\u00f3 friss\u00edt\u00e9s: 04-Aug-2023  <\/strong><\/p>\n<p class=\"privacy-policy-h1\"><strong>Hat\u00e1lybal\u00e9p\u00e9s d\u00e1tuma 04-Aug-2023<\/strong><\/p>\n<p class=\"privacy-policy-p\">Ez az adatv\u00e9delmi szab\u00e1lyzat az Apartment Oliver, Strada della Casina 29, Folgarida, Trentino 38025, Olaszorsz\u00e1g, e-mail: apartmentoliverfolgarida@gmail.com, telefon: + 390463715151 a weboldalunk ( http:\/\/apartmentoliver.com\/ ) haszn\u00e1lata sor\u00e1n gy\u0171jt\u00f6tt adatok gy\u0171jt\u00e9s\u00e9re, felhaszn\u00e1l\u00e1s\u00e1ra \u00e9s k\u00f6zz\u00e9t\u00e9tel\u00e9re vonatkoz\u00f3 ir\u00e1nyelveket. (a &#8222;Szolg\u00e1ltat\u00e1s&#8221;). A Szolg\u00e1ltat\u00e1shoz val\u00f3 hozz\u00e1f\u00e9r\u00e9ssel vagy annak haszn\u00e1lat\u00e1val \u00d6n beleegyez\u00e9s\u00e9t adja ahhoz, hogy az \u00d6n adatait a jelen Adatv\u00e9delmi ir\u00e1nyelveknek megfelel\u0151en gy\u0171jts\u00fck, haszn\u00e1ljuk \u00e9s nyilv\u00e1noss\u00e1gra hozzuk. Ha nem \u00e9rt egyet ezzel, k\u00e9rj\u00fck, ne haszn\u00e1lja a Szolg\u00e1ltat\u00e1st.<\/p>\n<p class=\"privacy-policy-p\">A jelen Adatv\u00e9delmi szab\u00e1lyzatot b\u00e1rmikor, az \u00d6n el\u0151zetes \u00e9rtes\u00edt\u00e9se n\u00e9lk\u00fcl m\u00f3dos\u00edthatjuk, \u00e9s a m\u00f3dos\u00edtott Adatv\u00e9delmi szab\u00e1lyzatot k\u00f6zz\u00e9tessz\u00fck a Szolg\u00e1ltat\u00e1sban. A fel\u00fclvizsg\u00e1lt Szab\u00e1lyzat a fel\u00fclvizsg\u00e1lt Szab\u00e1lyzatnak a Szolg\u00e1ltat\u00e1sban val\u00f3 k\u00f6zz\u00e9t\u00e9tel\u00e9t\u0151l sz\u00e1m\u00edtott 180 nap eltelt\u00e9vel l\u00e9p hat\u00e1lyba, \u00e9s a Szolg\u00e1ltat\u00e1shoz val\u00f3 tov\u00e1bbi hozz\u00e1f\u00e9r\u00e9se vagy haszn\u00e1lata ezen id\u0151pontot k\u00f6vet\u0151en a fel\u00fclvizsg\u00e1lt Adatv\u00e9delmi Szab\u00e1lyzat elfogad\u00e1s\u00e1nak min\u0151s\u00fcl. Ez\u00e9rt javasoljuk, hogy rendszeresen tekintse \u00e1t ezt az oldalt.<\/p>\n<ol class=\"privacy-policy-ol\">\n<li>\n<h4 class=\"privacy-policy-h2\">Az \u00e1ltalunk gy\u0171jt\u00f6tt inform\u00e1ci\u00f3k:<\/h4>\n<p class=\"privacy-policy-p\">A k\u00f6vetkez\u0151 szem\u00e9lyes adatokat gy\u0171jtj\u00fck \u00e9s dolgozzuk fel \u00d6nr\u0151l:<\/p>\n<ol class=\"privacy-policy-ol\">\n<li>N\u00e9v<\/li>\n<li>E-mail<\/li>\n<li>Mobil<\/li>\n<li>Sz\u00fclet\u00e9si d\u00e1tum<\/li>\n<li>C\u00edm:<\/li>\n<li>Fizet\u00e9si inform\u00e1ci\u00f3k<\/li>\n<\/ol>\n<\/li>\n<li>\n<h4 class=\"privacy-policy-h2\">Hogyan haszn\u00e1ljuk fel az \u00d6n adatait:<\/h4>\n<p class=\"privacy-policy-p\">Az \u00d6nr\u0151l gy\u0171jt\u00f6tt inform\u00e1ci\u00f3kat a k\u00f6vetkez\u0151 c\u00e9lokra haszn\u00e1ljuk fel:<\/p>\n<ol class=\"privacy-policy-ol\">\n<li>Marketing\/ Prom\u00f3ci\u00f3s<\/li>\n<li>T\u00e1mogat\u00e1s<\/li>\n<li>Adminisztr\u00e1ci\u00f3s inform\u00e1ci\u00f3k<\/li>\n<li>\u00dcgyf\u00e9lrend kezel\u00e9se<\/li>\n<\/ol>\n<p class=\"privacy-policy-p\">Ha az \u00d6n adatait b\u00e1rmilyen m\u00e1s c\u00e9lra k\u00edv\u00e1njuk felhaszn\u00e1lni, akkor ehhez hozz\u00e1j\u00e1rul\u00e1s\u00e1t k\u00e9rj\u00fck, \u00e9s csak az \u00d6n hozz\u00e1j\u00e1rul\u00e1s\u00e1t k\u00f6vet\u0151en haszn\u00e1ljuk fel az \u00d6n adatait, \u00e9s akkor is csak arra a c\u00e9lra (c\u00e9lokra), amely(ek)hez a hozz\u00e1j\u00e1rul\u00e1st megadta, kiv\u00e9ve, ha t\u00f6rv\u00e9ny m\u00e1sk\u00e9pp \u00edrja el\u0151.<\/p>\n<\/li>\n<li>\n<h4 class=\"privacy-policy-h2\">Az \u00d6n adatainak meg\u0151rz\u00e9se:<\/h4>\n<p class=\"privacy-policy-p\">Az \u00d6n szem\u00e9lyes adatait 90 napt\u00f3l 2 \u00e9vig \u0151rizz\u00fck meg, miut\u00e1n a felhaszn\u00e1l\u00f3k megsz\u00fcntett\u00e9k fi\u00f3kjukat, illetve addig, am\u00edg sz\u00fcks\u00e9g\u00fcnk van r\u00e1juk a jelen Adatv\u00e9delmi szab\u00e1lyzatban r\u00e9szletezett gy\u0171jt\u00e9si c\u00e9lokb\u00f3l. El\u0151fordulhat, hogy bizonyos adatokat hosszabb ideig meg kell \u0151rizn\u00fcnk, p\u00e9ld\u00e1ul a vonatkoz\u00f3 jogszab\u00e1lyokkal \u00f6sszhangban l\u00e9v\u0151 nyilv\u00e1ntart\u00e1s \/ jelent\u00e9st\u00e9tel vagy m\u00e1s jogos okok miatt, p\u00e9ld\u00e1ul a t\u00f6rv\u00e9nyes jogok \u00e9rv\u00e9nyes\u00edt\u00e9se, csal\u00e1s megel\u0151z\u00e9se stb. miatt. A n\u00e9vtelen maradv\u00e1nyinform\u00e1ci\u00f3k \u00e9s az \u00f6sszes\u00edtett inform\u00e1ci\u00f3k, amelyek egyike sem azonos\u00edtja \u00d6nt (sem k\u00f6zvetlen\u00fcl, sem k\u00f6zvetve), korl\u00e1tlan ideig t\u00e1rolhat\u00f3k.<\/p>\n<\/li>\n<li>\n<h4 class=\"privacy-policy-h2\">Az \u00d6n jogai:<\/h4>\n<p class=\"privacy-policy-p\">Az alkalmazand\u00f3 jogt\u00f3l f\u00fcgg\u0151en \u00d6n jogosult lehet a szem\u00e9lyes adataihoz val\u00f3 hozz\u00e1f\u00e9r\u00e9sre, azok helyesb\u00edt\u00e9s\u00e9re vagy t\u00f6rl\u00e9s\u00e9re, illetve szem\u00e9lyes adatainak m\u00e1solat\u00e1t megkaphatja, korl\u00e1tozhatja az adatai akt\u00edv feldolgoz\u00e1s\u00e1t, vagy tiltakozhat ellene, k\u00e9rheti, hogy szem\u00e9lyes adatait megosszuk (\u00e1tadjuk) egy m\u00e1sik szervezetnek, visszavonhatja az adatai feldolgoz\u00e1s\u00e1hoz adott hozz\u00e1j\u00e1rul\u00e1s\u00e1t, panaszt ny\u00fajthat be egy t\u00f6rv\u00e9nyes hat\u00f3s\u00e1gn\u00e1l, valamint az alkalmazand\u00f3 jogszab\u00e1lyok szerint relev\u00e1ns egy\u00e9b jogokat. E jogait gyakorolhatja, ha \u00edr nek\u00fcnk a apartmentoliverfolgarida@gmail.com c\u00edmre. Az alkalmazand\u00f3 jogszab\u00e1lyoknak megfelel\u0151en v\u00e1laszolunk a k\u00e9r\u00e9s\u00e9re.<\/p>\n<p class=\"privacy-policy-p\">\u00d6n lemondhat a marketingc\u00e9l\u00fa k\u00f6zvetlen marketingk\u00f6zlem\u00e9nyekr\u0151l vagy a marketingc\u00e9l\u00fa profilalkot\u00e1sr\u00f3l, ha \u00edr nek\u00fcnk a apartmentoliverfolgarida@gmail.com c\u00edmre.<\/p>\n<p class=\"privacy-policy-p\">Felh\u00edvjuk figyelm\u00e9t, hogy ha nem enged\u00e9lyezi sz\u00e1munkra a sz\u00fcks\u00e9ges szem\u00e9lyes adatok gy\u0171jt\u00e9s\u00e9t vagy feldolgoz\u00e1s\u00e1t, vagy visszavonja a sz\u00fcks\u00e9ges c\u00e9lokra t\u00f6rt\u00e9n\u0151 feldolgoz\u00e1shoz adott hozz\u00e1j\u00e1rul\u00e1s\u00e1t, el\u0151fordulhat, hogy nem f\u00e9rhet hozz\u00e1 azokhoz a szolg\u00e1ltat\u00e1sokhoz, amelyekhez az \u00d6n adatait k\u00e9rt\u00fck, vagy nem haszn\u00e1lhatja azokat.<\/p>\n<\/li>\n<li>\n<h4 class=\"privacy-policy-h2\">S\u00fctik stb.<\/h4>\n<p class=\"privacy-policy-p\">Ha t\u00f6bbet szeretne megtudni arr\u00f3l, hogyan haszn\u00e1ljuk ezeket, \u00e9s milyen v\u00e1laszt\u00e1si lehet\u0151s\u00e9gei vannak ezekkel a nyomk\u00f6vet\u0151 technol\u00f3gi\u00e1kkal kapcsolatban, k\u00e9rj\u00fck, olvassa el a <a href=\"http:\/\/apartmentoliver.com\/hu\/adatvedelmi-iranyelvek\/\">Cookie-szab\u00e1lyzatunkat.<\/a><\/p>\n<\/li>\n<li>\n<h4 class=\"privacy-policy-h2\">Biztons\u00e1g:<\/h4>\n<p class=\"privacy-policy-p\">Az \u00d6n adatainak biztons\u00e1ga fontos sz\u00e1munkra, \u00e9s \u00e9sszer\u0171 biztons\u00e1gi int\u00e9zked\u00e9seket alkalmazunk annak \u00e9rdek\u00e9ben, hogy megakad\u00e1lyozzuk az ellen\u0151rz\u00e9s\u00fcnk alatt \u00e1ll\u00f3 adatok elveszt\u00e9s\u00e9t, vissza\u00e9l\u00e9s\u00e9t vagy jogosulatlan megv\u00e1ltoztat\u00e1s\u00e1t. A velej\u00e1r\u00f3 kock\u00e1zatok miatt azonban nem tudjuk garant\u00e1lni az abszol\u00fat biztons\u00e1got, \u00e9s k\u00f6vetkez\u00e9sk\u00e9ppen nem tudjuk biztos\u00edtani vagy garant\u00e1lni a nek\u00fcnk tov\u00e1bb\u00edtott inform\u00e1ci\u00f3k biztons\u00e1g\u00e1t, \u00e9s \u00d6n ezt saj\u00e1t felel\u0151ss\u00e9g\u00e9re teszi.<\/p>\n<\/li>\n<li>\n<h4 class=\"privacy-policy-h2\">Harmadik felek linkjei \u00e9s az \u00d6n adatainak felhaszn\u00e1l\u00e1sa:<\/h4>\n<p class=\"privacy-policy-p\">Szolg\u00e1ltat\u00e1sunk tartalmazhat olyan m\u00e1s weboldalakra mutat\u00f3 linkeket, amelyeket nem mi \u00fczemeltet\u00fcnk. A jelen Adatv\u00e9delmi szab\u00e1lyzat nem foglalkozik harmadik felek adatv\u00e9delmi politik\u00e1j\u00e1val \u00e9s egy\u00e9b gyakorlataival, bele\u00e9rtve b\u00e1rmely harmadik f\u00e9l weboldal\u00e1t vagy szolg\u00e1ltat\u00e1s\u00e1t \u00fczemeltet\u0151 harmadik felet, amely a Szolg\u00e1ltat\u00e1son tal\u00e1lhat\u00f3 hivatkoz\u00e1son kereszt\u00fcl \u00e9rhet\u0151 el. Nyomat\u00e9kosan javasoljuk, hogy minden egyes megl\u00e1togatott webhely adatv\u00e9delmi szab\u00e1lyzat\u00e1t tekintse \u00e1t. Nem rendelkez\u00fcnk ellen\u0151rz\u00e9ssel, \u00e9s nem v\u00e1llalunk felel\u0151ss\u00e9get a harmadik f\u00e9l webhelyeinek vagy szolg\u00e1ltat\u00e1sainak tartalm\u00e1\u00e9rt, adatv\u00e9delmi politik\u00e1j\u00e1\u00e9rt vagy gyakorlat\u00e1\u00e9rt.<\/p>\n<\/li>\n<li>\n<h4 class=\"privacy-policy-h2\">Panaszkezel\u00e9si \/ adatv\u00e9delmi tisztvisel\u0151:<\/h4>\n<p class=\"privacy-policy-p\">Ha b\u00e1rmilyen k\u00e9rd\u00e9se vagy agg\u00e1lya van a n\u00e1lunk rendelkez\u00e9sre \u00e1ll\u00f3 adatainak kezel\u00e9s\u00e9vel kapcsolatban, akkor k\u00fcldj\u00f6n e-mailt a panaszkezel\u0151nknek a k\u00f6vetkez\u0151 c\u00edmre: Apartment Oliver, Strada della Casina 29, Folgarida, e-mail: apartmentoliverfolgarida@gmail.com. Agg\u00e1lyait az alkalmazand\u00f3 jogszab\u00e1lyoknak megfelel\u0151en fogjuk kezelni.<\/p>\n<\/li>\n<\/ol>\n\t\t\t\t\t\t<\/div>\n\t\t\t\t<\/div>\n\t\t\t\t\t<\/div>\n\t\t<\/div>\n\t\t\t\t\t<\/div>\n\t\t<\/section>\n\t\t\t\t<\/div>\n\t\t","protected":false},"excerpt":{"rendered":"<p>Adatv\u00e9delmi ir\u00e1nyelvek Utols\u00f3 friss\u00edt\u00e9s: 04-Aug-2023 Hat\u00e1lybal\u00e9p\u00e9s d\u00e1tuma 04-Aug-2023 Ez az adatv\u00e9delmi szab\u00e1lyzat az Apartment Oliver, Strada della Casina 29, Folgarida, Trentino 38025, Olaszorsz\u00e1g, e-mail: apartmentoliverfolgarida@gmail.com, telefon: + 390463715151 a weboldalunk ( http:\/\/apartmentoliver.com\/ ) haszn\u00e1lata sor\u00e1n gy\u0171jt\u00f6tt adatok gy\u0171jt\u00e9s\u00e9re, felhaszn\u00e1l\u00e1s\u00e1ra \u00e9s &hellip; <a href=\"https:\/\/apartmentoliver.com\/hu\/adatvedelmi-iranyelvek\/\">Read More<\/a><\/p>\n","protected":false},"author":1,"featured_media":0,"parent":0,"menu_order":0,"comment_status":"closed","ping_status":"open","template":"","meta":{"footnotes":""},"class_list":["post-943","page","type-page","status-publish","hentry"],"yoast_head":"<!-- This site is optimized with the Yoast SEO plugin v27.3 - https:\/\/yoast.com\/product\/yoast-seo-wordpress\/ -->\n<title>Adatv\u00e9delmi ir\u00e1nyelvek - Apartment Oliver<\/title>\n<meta name=\"robots\" content=\"index, follow, max-snippet:-1, max-image-preview:large, max-video-preview:-1\" \/>\n<link rel=\"canonical\" href=\"https:\/\/apartmentoliver.com\/hu\/adatvedelmi-iranyelvek\/\" \/>\n<meta property=\"og:locale\" content=\"hu_HU\" \/>\n<meta property=\"og:type\" content=\"article\" \/>\n<meta property=\"og:title\" content=\"Adatv\u00e9delmi ir\u00e1nyelvek - Apartment Oliver\" \/>\n<meta property=\"og:description\" content=\"Adatv\u00e9delmi ir\u00e1nyelvek Utols\u00f3 friss\u00edt\u00e9s: 04-Aug-2023 Hat\u00e1lybal\u00e9p\u00e9s d\u00e1tuma 04-Aug-2023 Ez az adatv\u00e9delmi szab\u00e1lyzat az Apartment Oliver, Strada della Casina 29, Folgarida, Trentino 38025, Olaszorsz\u00e1g, e-mail: apartmentoliverfolgarida@gmail.com, telefon: + 390463715151 a weboldalunk ( http:\/\/apartmentoliver.com\/ ) haszn\u00e1lata sor\u00e1n gy\u0171jt\u00f6tt adatok gy\u0171jt\u00e9s\u00e9re, felhaszn\u00e1l\u00e1s\u00e1ra \u00e9s &hellip; Read More\" \/>\n<meta property=\"og:url\" content=\"https:\/\/apartmentoliver.com\/hu\/adatvedelmi-iranyelvek\/\" \/>\n<meta property=\"og:site_name\" content=\"Apartment Oliver\" \/>\n<meta property=\"article:publisher\" content=\"https:\/\/www.facebook.com\/apartmentoliver\" \/>\n<meta property=\"article:modified_time\" content=\"2023-08-05T18:27:04+00:00\" \/>\n<meta property=\"og:image\" content=\"https:\/\/apartmentoliver.com\/wp-content\/uploads\/2023\/08\/Apartmentoliver_cover.png\" \/>\n\t<meta property=\"og:image:width\" content=\"940\" \/>\n\t<meta property=\"og:image:height\" content=\"788\" \/>\n\t<meta property=\"og:image:type\" content=\"image\/png\" \/>\n<meta name=\"twitter:card\" content=\"summary_large_image\" \/>\n<meta name=\"twitter:label1\" content=\"Becs\u00fclt olvas\u00e1si id\u0151\" \/>\n\t<meta name=\"twitter:data1\" content=\"5 perc\" \/>\n<script type=\"application\/ld+json\" class=\"yoast-schema-graph\">{\"@context\":\"https:\\\/\\\/schema.org\",\"@graph\":[{\"@type\":\"WebPage\",\"@id\":\"https:\\\/\\\/apartmentoliver.com\\\/hu\\\/adatvedelmi-iranyelvek\\\/\",\"url\":\"https:\\\/\\\/apartmentoliver.com\\\/hu\\\/adatvedelmi-iranyelvek\\\/\",\"name\":\"Adatv\u00e9delmi ir\u00e1nyelvek - Apartment Oliver\",\"isPartOf\":{\"@id\":\"https:\\\/\\\/apartmentoliver.com\\\/hu\\\/#website\"},\"datePublished\":\"2023-06-26T19:14:02+00:00\",\"dateModified\":\"2023-08-05T18:27:04+00:00\",\"breadcrumb\":{\"@id\":\"https:\\\/\\\/apartmentoliver.com\\\/hu\\\/adatvedelmi-iranyelvek\\\/#breadcrumb\"},\"inLanguage\":\"hu\",\"potentialAction\":[{\"@type\":\"ReadAction\",\"target\":[\"https:\\\/\\\/apartmentoliver.com\\\/hu\\\/adatvedelmi-iranyelvek\\\/\"]}]},{\"@type\":\"BreadcrumbList\",\"@id\":\"https:\\\/\\\/apartmentoliver.com\\\/hu\\\/adatvedelmi-iranyelvek\\\/#breadcrumb\",\"itemListElement\":[{\"@type\":\"ListItem\",\"position\":1,\"name\":\"Home\",\"item\":\"https:\\\/\\\/apartmentoliver.com\\\/hu\\\/\"},{\"@type\":\"ListItem\",\"position\":2,\"name\":\"Adatv\u00e9delmi ir\u00e1nyelvek\"}]},{\"@type\":\"WebSite\",\"@id\":\"https:\\\/\\\/apartmentoliver.com\\\/hu\\\/#website\",\"url\":\"https:\\\/\\\/apartmentoliver.com\\\/hu\\\/\",\"name\":\"Apartment Oliver\",\"description\":\"\",\"publisher\":{\"@id\":\"https:\\\/\\\/apartmentoliver.com\\\/hu\\\/#organization\"},\"potentialAction\":[{\"@type\":\"SearchAction\",\"target\":{\"@type\":\"EntryPoint\",\"urlTemplate\":\"https:\\\/\\\/apartmentoliver.com\\\/hu\\\/?s={search_term_string}\"},\"query-input\":{\"@type\":\"PropertyValueSpecification\",\"valueRequired\":true,\"valueName\":\"search_term_string\"}}],\"inLanguage\":\"hu\"},{\"@type\":\"Organization\",\"@id\":\"https:\\\/\\\/apartmentoliver.com\\\/hu\\\/#organization\",\"name\":\"Apartment Oliver - Folgarida\",\"alternateName\":\"Apartment Oliver - Folgarida\",\"url\":\"https:\\\/\\\/apartmentoliver.com\\\/hu\\\/\",\"logo\":{\"@type\":\"ImageObject\",\"inLanguage\":\"hu\",\"@id\":\"https:\\\/\\\/apartmentoliver.com\\\/hu\\\/#\\\/schema\\\/logo\\\/image\\\/\",\"url\":\"http:\\\/\\\/apartmentoliver.com\\\/wp-content\\\/uploads\\\/2022\\\/05\\\/Kepernyofoto_2023-07-11_-_21.49.28-removebg-preview.png\",\"contentUrl\":\"http:\\\/\\\/apartmentoliver.com\\\/wp-content\\\/uploads\\\/2022\\\/05\\\/Kepernyofoto_2023-07-11_-_21.49.28-removebg-preview.png\",\"width\":775,\"height\":322,\"caption\":\"Apartment Oliver - Folgarida\"},\"image\":{\"@id\":\"https:\\\/\\\/apartmentoliver.com\\\/hu\\\/#\\\/schema\\\/logo\\\/image\\\/\"},\"sameAs\":[\"https:\\\/\\\/www.facebook.com\\\/apartmentoliver\"]}]}<\/script>\n<!-- \/ Yoast SEO plugin. -->","yoast_head_json":{"title":"Adatv\u00e9delmi ir\u00e1nyelvek - Apartment Oliver","robots":{"index":"index","follow":"follow","max-snippet":"max-snippet:-1","max-image-preview":"max-image-preview:large","max-video-preview":"max-video-preview:-1"},"canonical":"https:\/\/apartmentoliver.com\/hu\/adatvedelmi-iranyelvek\/","og_locale":"hu_HU","og_type":"article","og_title":"Adatv\u00e9delmi ir\u00e1nyelvek - Apartment Oliver","og_description":"Adatv\u00e9delmi ir\u00e1nyelvek Utols\u00f3 friss\u00edt\u00e9s: 04-Aug-2023 Hat\u00e1lybal\u00e9p\u00e9s d\u00e1tuma 04-Aug-2023 Ez az adatv\u00e9delmi szab\u00e1lyzat az Apartment Oliver, Strada della Casina 29, Folgarida, Trentino 38025, Olaszorsz\u00e1g, e-mail: apartmentoliverfolgarida@gmail.com, telefon: + 390463715151 a weboldalunk ( http:\/\/apartmentoliver.com\/ ) haszn\u00e1lata sor\u00e1n gy\u0171jt\u00f6tt adatok gy\u0171jt\u00e9s\u00e9re, felhaszn\u00e1l\u00e1s\u00e1ra \u00e9s &hellip; Read More","og_url":"https:\/\/apartmentoliver.com\/hu\/adatvedelmi-iranyelvek\/","og_site_name":"Apartment Oliver","article_publisher":"https:\/\/www.facebook.com\/apartmentoliver","article_modified_time":"2023-08-05T18:27:04+00:00","og_image":[{"width":940,"height":788,"url":"https:\/\/apartmentoliver.com\/wp-content\/uploads\/2023\/08\/Apartmentoliver_cover.png","type":"image\/png"}],"twitter_card":"summary_large_image","twitter_misc":{"Becs\u00fclt olvas\u00e1si id\u0151":"5 perc"},"schema":{"@context":"https:\/\/schema.org","@graph":[{"@type":"WebPage","@id":"https:\/\/apartmentoliver.com\/hu\/adatvedelmi-iranyelvek\/","url":"https:\/\/apartmentoliver.com\/hu\/adatvedelmi-iranyelvek\/","name":"Adatv\u00e9delmi ir\u00e1nyelvek - Apartment Oliver","isPartOf":{"@id":"https:\/\/apartmentoliver.com\/hu\/#website"},"datePublished":"2023-06-26T19:14:02+00:00","dateModified":"2023-08-05T18:27:04+00:00","breadcrumb":{"@id":"https:\/\/apartmentoliver.com\/hu\/adatvedelmi-iranyelvek\/#breadcrumb"},"inLanguage":"hu","potentialAction":[{"@type":"ReadAction","target":["https:\/\/apartmentoliver.com\/hu\/adatvedelmi-iranyelvek\/"]}]},{"@type":"BreadcrumbList","@id":"https:\/\/apartmentoliver.com\/hu\/adatvedelmi-iranyelvek\/#breadcrumb","itemListElement":[{"@type":"ListItem","position":1,"name":"Home","item":"https:\/\/apartmentoliver.com\/hu\/"},{"@type":"ListItem","position":2,"name":"Adatv\u00e9delmi ir\u00e1nyelvek"}]},{"@type":"WebSite","@id":"https:\/\/apartmentoliver.com\/hu\/#website","url":"https:\/\/apartmentoliver.com\/hu\/","name":"Apartment Oliver","description":"","publisher":{"@id":"https:\/\/apartmentoliver.com\/hu\/#organization"},"potentialAction":[{"@type":"SearchAction","target":{"@type":"EntryPoint","urlTemplate":"https:\/\/apartmentoliver.com\/hu\/?s={search_term_string}"},"query-input":{"@type":"PropertyValueSpecification","valueRequired":true,"valueName":"search_term_string"}}],"inLanguage":"hu"},{"@type":"Organization","@id":"https:\/\/apartmentoliver.com\/hu\/#organization","name":"Apartment Oliver - Folgarida","alternateName":"Apartment Oliver - Folgarida","url":"https:\/\/apartmentoliver.com\/hu\/","logo":{"@type":"ImageObject","inLanguage":"hu","@id":"https:\/\/apartmentoliver.com\/hu\/#\/schema\/logo\/image\/","url":"http:\/\/apartmentoliver.com\/wp-content\/uploads\/2022\/05\/Kepernyofoto_2023-07-11_-_21.49.28-removebg-preview.png","contentUrl":"http:\/\/apartmentoliver.com\/wp-content\/uploads\/2022\/05\/Kepernyofoto_2023-07-11_-_21.49.28-removebg-preview.png","width":775,"height":322,"caption":"Apartment Oliver - Folgarida"},"image":{"@id":"https:\/\/apartmentoliver.com\/hu\/#\/schema\/logo\/image\/"},"sameAs":["https:\/\/www.facebook.com\/apartmentoliver"]}]}},"_links":{"self":[{"href":"https:\/\/apartmentoliver.com\/hu\/wp-json\/wp\/v2\/pages\/943","targetHints":{"allow":["GET"]}}],"collection":[{"href":"https:\/\/apartmentoliver.com\/hu\/wp-json\/wp\/v2\/pages"}],"about":[{"href":"https:\/\/apartmentoliver.com\/hu\/wp-json\/wp\/v2\/types\/page"}],"author":[{"embeddable":true,"href":"https:\/\/apartmentoliver.com\/hu\/wp-json\/wp\/v2\/users\/1"}],"replies":[{"embeddable":true,"href":"https:\/\/apartmentoliver.com\/hu\/wp-json\/wp\/v2\/comments?post=943"}],"version-history":[{"count":6,"href":"https:\/\/apartmentoliver.com\/hu\/wp-json\/wp\/v2\/pages\/943\/revisions"}],"predecessor-version":[{"id":1731,"href":"https:\/\/apartmentoliver.com\/hu\/wp-json\/wp\/v2\/pages\/943\/revisions\/1731"}],"wp:attachment":[{"href":"https:\/\/apartmentoliver.com\/hu\/wp-json\/wp\/v2\/media?parent=943"}],"curies":[{"name":"wp","href":"https:\/\/api.w.org\/{rel}","templated":true}]}}